{"id":28,"date":"2024-02-14T14:49:35","date_gmt":"2024-02-14T14:49:35","guid":{"rendered":"https:\/\/lupiaemaris.it\/?page_id=28"},"modified":"2026-05-08T10:29:17","modified_gmt":"2026-05-08T10:29:17","slug":"homepage","status":"publish","type":"page","link":"https:\/\/lupiaemaris.it\/","title":{"rendered":"Homepage"},"content":{"rendered":"<div id=\"sliderApertura\" class=\"carousel slide\" data-bs-ride=\"carousel\">\n  <div class=\"carousel-indicators\">\n          <button type=\"button\" data-bs-target=\"#sliderApertura\" data-bs-slide-to=\"0\" class=\"active\" aria-current=\"true\" aria-label=\"Slide 0\"><\/button>\n      <\/div>\n  <div class=\"carousel-inner\">\n          <div class=\"carousel-item active\">\n        <img decoding=\"async\" src=\"https:\/\/lupiaemaris.it\/wp-content\/uploads\/2023\/06\/LMwebsite_elements_Slider_Header-12.png\" class=\"d-block w-100\" alt=\"...\">\n        <div class=\"containerLupiae carousel-caption\">\n          <h3>Un impianto per la produzione di energia eolica nel Mare Adriatico Meridionale<\/h3>\n                  <\/div>\n      <\/div>\n      <\/div>\n<\/div>\n\n\n<section id=\"numeri\">\n  <div class=\"containerLupiae py_10\">\n    <div class=\"d-flex flex-wrap\">\n              <div class=\"single\">\n          <img decoding=\"async\" src=\"https:\/\/lupiaemaris.it\/wp-content\/uploads\/2023\/06\/LM-04.png\" alt=\"\">\n          <h5 class=\"fw-bold\">525MW<\/h5>\n          <span>POTENZA COMPLESSIVA<\/span>\n        <\/div>\n              <div class=\"single\">\n          <img decoding=\"async\" src=\"https:\/\/lupiaemaris.it\/wp-content\/uploads\/2023\/06\/LM-02.png\" alt=\"\">\n          <h5 class=\"fw-bold\">35<\/h5>\n          <span>AEROGENERATORI<\/span>\n        <\/div>\n              <div class=\"single\">\n          <img decoding=\"async\" src=\"https:\/\/lupiaemaris.it\/wp-content\/uploads\/2023\/06\/LM-05.png\" alt=\"\">\n          <h5 class=\"fw-bold\">350.000<\/h5>\n          <span>FAMIGLIE<\/span>\n        <\/div>\n              <div class=\"single\">\n          <img decoding=\"async\" src=\"https:\/\/lupiaemaris.it\/wp-content\/uploads\/2023\/08\/LM_CO2_B.png\" alt=\"\">\n          <h5 class=\"fw-bold\">650.000 T<\/h5>\n          <span> DI CO2 EVITATA<\/span>\n        <\/div>\n          <\/div>\n  <\/div>\n<\/section>\n\n\n<section id=\"parco\" class=\"py_10\">\n  <div class=\"containerLupiae\">\n    <h2 class=\"text-white text-center fw-bold display-4 mb-3 pb-3\">Il Progetto<\/h2>\n    <p class=\"text-white\"><p style=\"text-align: justify\"><span class=\"s6\">Il Progetto Lupiae Maris prevede la realizzazione di un parco <\/span><span class=\"s6\">eolico offshore galleggiante per produrre energia elettrica da fonte rinnovabile, apportando un contributo significativo alla transizione energetica e alla sicurezza degli approvvigionamenti del Paese.<\/span><\/p>\n<\/p>\n  <\/div>\n    <div class=\"containerLupiae pt_5\">\n    <div class=\"parcoFaq\">\n              <div class=\"single\">\n          <h3 class=\"text-white fw-bold pt-3 pb-1 d-flex\">L&#039;impianto <span class=\"ms-auto apriFaq\">+<\/span><\/h3>\n          <p class=\"text-white fw-light\"><p style=\"text-align: justify\">\u2022 L&#8217;impianto \u00e8 composto da 35 turbine eoliche di ultima generazione. Ciascuna ha una potenza pari a 15 MW.<br \/>\n\u2022 Le fondazioni degli aerogeneratori sono galleggianti semisommergibili, secondo le tecnologie pi\u00f9 mature e idonee.<br \/>\n\u2022 La sottostazione di trasformazione da 66kV a 380kV dell&#8217;energia elettrica prodotta dalle turbine \u00e8 realizzata in mare e installata tramite fondazioni fisse.<br \/>\n\u2022 I cavi a 380kV per il trasporto dell&#8217;energia elettrica dalle turbine alla rete nazionale sono tutti interrati, in parte a mare e in parte a terra.<br \/>\n\u2022 L&#8217;energia elettrica generata viene convogliata alla stazione elettrica gi\u00e0 esistente di Terna di Brindisi Sud.<\/p>\n<\/p>\n        <\/div>\n              <div class=\"single\">\n          <h3 class=\"text-white fw-bold pt-3 pb-1 d-flex\">L&#039;ubicazione <span class=\"ms-auto apriFaq\">+<\/span><\/h3>\n          <p class=\"text-white fw-light\"><p style=\"text-align: justify\">La scelta della localizzazione \u00e8 stata fatta tenendo conto di diversi aspetti elencati di seguito:<br \/>\n\u2022 Intensit\u00e0 del vento al largo delle coste.<br \/>\n\u2022 Caratteristiche del fondale marino.<br \/>\n\u2022 Distanza dalla costa e minimizzazione dell&#8217;intervisibilit\u00e0 e percettibilit\u00e0 delle opere a mare.<br \/>\n\u2022 Impatto sulla pesca locale.<br \/>\n\u2022 Assenza di vincoli ambientali, militari e minerali.<br \/>\n\u2022 Compatibilit\u00e0 con le principali rotte e il traffico navale in ingresso e in uscita dai porti.<\/p>\n<p>L&#8217;identificazione dell&#8217;area, inoltre, ha fatto riferimento agli studi del progetto POWERED (<em>Project of Offshore Wind Energy: Research, Experimentation, Development<\/em>), sviluppato nell&#8217;ambito del programma di cooperazione IPA-AdriaCc dell&#8217;Unione Europea, avente come obiettivo la valutazione delle potenzialit\u00e0 del mare Adriatico per i parchi eolici offshore.<\/p>\n<p>In particolare, Lupiae Maris, pur rimanendo entro il limite delle acque territoriali italiane, \u00e8 in un&#8217;area molto distante dalla costa, in modo da ridurre gli impatti paesaggistici e l&#8217;interferenza con le attivit\u00e0 antropiche.<\/p>\n<p>Infine, il progetto prevede che il cavidotto di approdo a terra sia collocato nei pressi della centrale termoelettrica a carbone di Cerano, decarbonizzando la produzione elettrica dell&#8217;area e contribuendo alla stabilit\u00e0 della rete elettrica.<\/p>\n<\/p>\n        <\/div>\n          <\/div>\n  <\/div>\n  <\/section>\n\n\n\n<section id=\"fasciaFoto\">\n  <img decoding=\"async\" class=\"w-100\" src=\"\/wp-content\/uploads\/2023\/06\/fascia_foto-17-scaled.jpg\" alt=\"\">\n<\/section>\n\n\n<section id=\"sostenibilita\" class=\"py_10\">\n  <div class=\"containerLupiae\">\n    <h2 class=\"text-center fw-bold display-4 mb-3 pb-3\">LA SOSTENIBILIT\u00c0<\/h2>\n    <p class=\"treColonne\">Le centrali eoliche marine hanno un impatto ambientale limitato rispetto ad altre fonti di energia. Durante la fase di costruzione, possono esserci interferenze temporanee con la fauna, ma una volta installate, le turbine eoliche non generano emissioni inquinanti o scarichi di rifiuti. Inoltre, le infrastrutture offshore possono anche fungere da habitat per diverse specie marine, promuovendo, cos\u00ec, la biodiversit\u00e0. Infine, non vanno trascurate le ricadute positive sull&#8217;economia locale.\nLo sviluppo di centri di produzione di energia eolica marina, infatti, contribuisce alla creazione di posti di lavoro nelle fasi di costruzione, operazione e manutenzione, migliorando, cos\u00ec, la qualit\u00e0 di vita delle comunit\u00e0 costiere prospicienti l&#8217;area. Non basta. Una maggiore indipendenza energetica riduce la dipendenza dalle importazioni di combustibili fossili, contribuendo in tal modo alla sicurezza energetica del Paese.<\/p>\n  <\/div>\n  <\/section>\n\n\n<section id=\"inter\" style=\"background-image: url('https:\/\/lupiaemaris.it\/wp-content\/uploads\/2023\/06\/LMwebsite_elements_interv-15.png')\">\n  <div class=\"containerLupiae\">\n    <h2 class=\"text-center fw-bold display-4 mb-4 pb-4 text-white\">L&#039;INTERVISIBILIT\u00c0<\/h2>\n  <\/div>\n    <div class=\"containerLupiae py_10\">\n    <div id=\"sliderInter\" class=\"carousel slide\" data-bs-ride=\"carousel\">\n      <div class=\"carousel-indicators\">\n                  <button type=\"button\" data-bs-target=\"#sliderInter\" data-bs-slide-to=\"0\" class=\"active\" aria-current=\"true\" aria-label=\"Slide 0\"><\/button>\n                  <button type=\"button\" data-bs-target=\"#sliderInter\" data-bs-slide-to=\"1\" class=\"\" aria-label=\"Slide 1\"><\/button>\n                  <button type=\"button\" data-bs-target=\"#sliderInter\" data-bs-slide-to=\"2\" class=\"\" aria-label=\"Slide 2\"><\/button>\n                  <button type=\"button\" data-bs-target=\"#sliderInter\" data-bs-slide-to=\"3\" class=\"\" aria-label=\"Slide 3\"><\/button>\n              <\/div>\n      <div class=\"carousel-inner\">\n                  <div class=\"singleCard\">\n            <div class=\"singleCardText\">\n              <h4>Campo di Mare <span><br \/>BR<\/span><\/h4>\n              <h5>Distanze dal parco eolico<\/h5>\n              <i class=\"fa-solid fa-chevron-down\"><\/i>\n              <div class=\"distanze\">\n                <h6>MINIMA <span>26 KM<\/span><\/h6>\n                <hr>\n                <h6>MASSIMA <span>40 KM<\/span><\/h6>\n              <\/div>\n            <\/div>\n            <a href=\"https:\/\/lupiaemaris.it\/wp-content\/uploads\/2023\/06\/schede_intervisibilita_Campodimare.jpg\" class=\"singleCardButton fancybox\">VISUALIZZA<\/a>\n          <\/div>\n                  <div class=\"singleCard\">\n            <div class=\"singleCardText\">\n              <h4>Torre Rinalda <span><br \/>LE<\/span><\/h4>\n              <h5>Distanze dal parco eolico<\/h5>\n              <i class=\"fa-solid fa-chevron-down\"><\/i>\n              <div class=\"distanze\">\n                <h6>MINIMA <span>20 KM<\/span><\/h6>\n                <hr>\n                <h6>MASSIMA <span>32 KM<\/span><\/h6>\n              <\/div>\n            <\/div>\n            <a href=\"https:\/\/lupiaemaris.it\/wp-content\/uploads\/2023\/06\/schede_intervisibilita_Torrerinalda.jpg\" class=\"singleCardButton fancybox\">VISUALIZZA<\/a>\n          <\/div>\n                  <div class=\"singleCard\">\n            <div class=\"singleCardText\">\n              <h4>San Cataldo <span><br \/>LE<\/span><\/h4>\n              <h5>Distanze dal parco eolico<\/h5>\n              <i class=\"fa-solid fa-chevron-down\"><\/i>\n              <div class=\"distanze\">\n                <h6>MINIMA <span>17 KM<\/span><\/h6>\n                <hr>\n                <h6>MASSIMA <span>22 KM<\/span><\/h6>\n              <\/div>\n            <\/div>\n            <a href=\"https:\/\/lupiaemaris.it\/wp-content\/uploads\/2023\/06\/schede_intervisibilita_Sancataldo.jpg\" class=\"singleCardButton fancybox\">VISUALIZZA<\/a>\n          <\/div>\n                  <div class=\"singleCard\">\n            <div class=\"singleCardText\">\n              <h4>Otranto &#8211; Torre Matta <span><br \/>LE<\/span><\/h4>\n              <h5>Distanze dal parco eolico<\/h5>\n              <i class=\"fa-solid fa-chevron-down\"><\/i>\n              <div class=\"distanze\">\n                <h6>MINIMA <span>35 KM<\/span><\/h6>\n                <hr>\n                <h6>MASSIMA <span>48 KM<\/span><\/h6>\n              <\/div>\n            <\/div>\n            <a href=\"https:\/\/lupiaemaris.it\/wp-content\/uploads\/2023\/06\/schede_intervisibilita_Otranto.jpg\" class=\"singleCardButton fancybox\">VISUALIZZA<\/a>\n          <\/div>\n              <\/div>\n    <\/div>\n          <h2 class=\"text-center fw-bold display-4 text-white\" style=\"margin-top: 14rem; margin-bottom: 2rem;\">GOOGLE MAPS<\/h2>\n      <div>\n        \t\t<div class=\"hope-map-wrapper\" id=\"hope-map-1-wrapper\">\n\t\t\t<!-- Container della mappa -->\n\t\t\t<div\n\t\t\t\tclass=\"hope-map-container\"\n\t\t\t\tid=\"hope-map-1\"\n\t\t\t\tstyle=\"width: 100%; height: 800px;\"\n\t\t\t\tdata-map-id=\"hope-map-1\"\n\t\t\t>\n\t\t\t\t<!-- Loader durante il caricamento -->\n\t\t\t\t<div class=\"hope-map-loader\">\n\t\t\t\t\t<div class=\"hope-loader-spinner\"><\/div>\n\t\t\t\t\t<p>Caricamento mappa&#8230;<\/p>\n\t\t\t\t<\/div>\n\t\t\t<\/div>\n\n\t\t\t<!-- Modale per i dettagli del punto -->\n\t\t\t<div class=\"hope-map-modal\" id=\"hope-map-1-modal\">\n\t\t\t\t<div class=\"hope-modal-overlay\"><\/div>\n\t\t\t\t<div class=\"hope-modal-content\">\n\t\t\t\t\t<button class=\"hope-modal-close\" aria-label=\"Chiudi\">\n\t\t\t\t\t\t<span>&times;<\/span>\n\t\t\t\t\t<\/button>\n\t\t\t\t\t<div class=\"hope-modal-body\">\n\t\t\t\t\t\t<!-- Contenuto dinamico iniettato via JavaScript -->\n\t\t\t\t\t<\/div>\n\t\t\t\t<\/div>\n\t\t\t<\/div>\n\n\t\t<\/div>\n\t\t      <\/div>\n        <div id=\"fancyCont\"><\/div>\n  <\/div>\n  <\/section>\n\n\n<section id=\"media\" class=\"py_10\">\n  <div class=\"containerLupiae\">\n    <h2 class=\"text-center fw-bold display-4 mb-5\">MEDIA<\/h2>\n    <iframe class=\"video\" src=\"https:\/\/www.youtube.com\/embed\/hkUKfu36TuQ\" frameborder=\"0\" allowfullscreen><\/iframe>\n  <\/div>\n<\/section>\n\n\n\n<section id=\"chisiamo\" class=\"py_10\">\n  <div class=\"containerLupiae\">\n    <h2 class=\"text-center fw-bold display-4 mb-3 pb-3\">CHI SIAMO<\/h2>\n    <p><div class=\"page\" title=\"Page 1\">\n<div class=\"section\">\n<div class=\"layoutArea\">\n<div class=\"column\">\n<p>Lupiae Maris s.r.l. \u00e8 una societ\u00e0 di scopo costituita da Galileo, piattaforma paneuropea per lo sviluppo delle energie rinnovabili e Gruppo Hope, societ\u00e0 attiva nella progettazione di impianti rinnovabili e di idrogeno verde.<\/p>\n<\/div>\n<\/div>\n<\/div>\n<\/div>\n<\/p>\n  <\/div>\n    <div class=\"containerLupiae py_10\">\n    <div class=\"d-flex justify-content-center flex-wrap\">\n                                <a class=\"loghi_chisiamo\" href=\"#\"><img decoding=\"async\" src=\"https:\/\/lupiaemaris.it\/wp-content\/uploads\/2023\/06\/LM-07.png\" alt=\"\"><\/a>\n                                        <a class=\"loghi_chisiamo\" href=\"#\"><img decoding=\"async\" src=\"https:\/\/lupiaemaris.it\/wp-content\/uploads\/2026\/05\/logo_hope_gruppo-e1748594956665.png\" alt=\"\"><\/a>\n                  <\/div>\n  <\/div>\n    <div class=\"containerLupiae py_10\">\n    <hr>\n  <\/div>\n<\/section>\n","protected":false},"excerpt":{"rendered":"","protected":false},"author":3,"featured_media":0,"parent":0,"menu_order":0,"comment_status":"closed","ping_status":"closed","template":"","meta":{"footnotes":""},"class_list":["post-28","page","type-page","status-publish","hentry"],"acf":[],"yoast_head":"<!-- This site is optimized with the Yoast SEO plugin v27.3 - https:\/\/yoast.com\/product\/yoast-seo-wordpress\/ -->\n<title>Lupiaemaris<\/title>\n<meta name=\"robots\" content=\"index, follow, max-snippet:-1, max-image-preview:large, max-video-preview:-1\" \/>\n<link rel=\"canonical\" href=\"https:\/\/lupiaemaris.it\/\" \/>\n<meta property=\"og:locale\" content=\"it_IT\" \/>\n<meta property=\"og:type\" content=\"article\" \/>\n<meta property=\"og:title\" content=\"Lupiaemaris\" \/>\n<meta property=\"og:url\" content=\"https:\/\/lupiaemaris.it\/\" \/>\n<meta property=\"og:site_name\" content=\"Lupiaemaris\" \/>\n<meta property=\"article:modified_time\" content=\"2026-05-08T10:29:17+00:00\" \/>\n<meta name=\"twitter:card\" content=\"summary_large_image\" \/>\n<meta name=\"twitter:label1\" content=\"Tempo di lettura stimato\" \/>\n\t<meta name=\"twitter:data1\" content=\"1 minuto\" \/>\n<script type=\"application\/ld+json\" class=\"yoast-schema-graph\">{\"@context\":\"https:\\\/\\\/schema.org\",\"@graph\":[{\"@type\":\"WebPage\",\"@id\":\"https:\\\/\\\/lupiaemaris.it\\\/\",\"url\":\"https:\\\/\\\/lupiaemaris.it\\\/\",\"name\":\"Lupiaemaris\",\"isPartOf\":{\"@id\":\"https:\\\/\\\/lupiaemaris.it\\\/#website\"},\"datePublished\":\"2024-02-14T14:49:35+00:00\",\"dateModified\":\"2026-05-08T10:29:17+00:00\",\"breadcrumb\":{\"@id\":\"https:\\\/\\\/lupiaemaris.it\\\/#breadcrumb\"},\"inLanguage\":\"it-IT\",\"potentialAction\":[{\"@type\":\"ReadAction\",\"target\":[\"https:\\\/\\\/lupiaemaris.it\\\/\"]}]},{\"@type\":\"BreadcrumbList\",\"@id\":\"https:\\\/\\\/lupiaemaris.it\\\/#breadcrumb\",\"itemListElement\":[{\"@type\":\"ListItem\",\"position\":1,\"name\":\"Home\",\"item\":\"https:\\\/\\\/lupiaemaris.it\\\/\"},{\"@type\":\"ListItem\",\"position\":2,\"name\":\"Homepage\"}]},{\"@type\":\"WebSite\",\"@id\":\"https:\\\/\\\/lupiaemaris.it\\\/#website\",\"url\":\"https:\\\/\\\/lupiaemaris.it\\\/\",\"name\":\"Lupiaemaris\",\"description\":\"\",\"potentialAction\":[{\"@type\":\"SearchAction\",\"target\":{\"@type\":\"EntryPoint\",\"urlTemplate\":\"https:\\\/\\\/lupiaemaris.it\\\/?s={search_term_string}\"},\"query-input\":{\"@type\":\"PropertyValueSpecification\",\"valueRequired\":true,\"valueName\":\"search_term_string\"}}],\"inLanguage\":\"it-IT\"}]}<\/script>\n<!-- \/ Yoast SEO plugin. -->","yoast_head_json":{"title":"Lupiaemaris","robots":{"index":"index","follow":"follow","max-snippet":"max-snippet:-1","max-image-preview":"max-image-preview:large","max-video-preview":"max-video-preview:-1"},"canonical":"https:\/\/lupiaemaris.it\/","og_locale":"it_IT","og_type":"article","og_title":"Lupiaemaris","og_url":"https:\/\/lupiaemaris.it\/","og_site_name":"Lupiaemaris","article_modified_time":"2026-05-08T10:29:17+00:00","twitter_card":"summary_large_image","twitter_misc":{"Tempo di lettura stimato":"1 minuto"},"schema":{"@context":"https:\/\/schema.org","@graph":[{"@type":"WebPage","@id":"https:\/\/lupiaemaris.it\/","url":"https:\/\/lupiaemaris.it\/","name":"Lupiaemaris","isPartOf":{"@id":"https:\/\/lupiaemaris.it\/#website"},"datePublished":"2024-02-14T14:49:35+00:00","dateModified":"2026-05-08T10:29:17+00:00","breadcrumb":{"@id":"https:\/\/lupiaemaris.it\/#breadcrumb"},"inLanguage":"it-IT","potentialAction":[{"@type":"ReadAction","target":["https:\/\/lupiaemaris.it\/"]}]},{"@type":"BreadcrumbList","@id":"https:\/\/lupiaemaris.it\/#breadcrumb","itemListElement":[{"@type":"ListItem","position":1,"name":"Home","item":"https:\/\/lupiaemaris.it\/"},{"@type":"ListItem","position":2,"name":"Homepage"}]},{"@type":"WebSite","@id":"https:\/\/lupiaemaris.it\/#website","url":"https:\/\/lupiaemaris.it\/","name":"Lupiaemaris","description":"","potentialAction":[{"@type":"SearchAction","target":{"@type":"EntryPoint","urlTemplate":"https:\/\/lupiaemaris.it\/?s={search_term_string}"},"query-input":{"@type":"PropertyValueSpecification","valueRequired":true,"valueName":"search_term_string"}}],"inLanguage":"it-IT"}]}},"_links":{"self":[{"href":"https:\/\/lupiaemaris.it\/index.php?rest_route=\/wp\/v2\/pages\/28","targetHints":{"allow":["GET"]}}],"collection":[{"href":"https:\/\/lupiaemaris.it\/index.php?rest_route=\/wp\/v2\/pages"}],"about":[{"href":"https:\/\/lupiaemaris.it\/index.php?rest_route=\/wp\/v2\/types\/page"}],"author":[{"embeddable":true,"href":"https:\/\/lupiaemaris.it\/index.php?rest_route=\/wp\/v2\/users\/3"}],"replies":[{"embeddable":true,"href":"https:\/\/lupiaemaris.it\/index.php?rest_route=%2Fwp%2Fv2%2Fcomments&post=28"}],"version-history":[{"count":1,"href":"https:\/\/lupiaemaris.it\/index.php?rest_route=\/wp\/v2\/pages\/28\/revisions"}],"predecessor-version":[{"id":300,"href":"https:\/\/lupiaemaris.it\/index.php?rest_route=\/wp\/v2\/pages\/28\/revisions\/300"}],"wp:attachment":[{"href":"https:\/\/lupiaemaris.it\/index.php?rest_route=%2Fwp%2Fv2%2Fmedia&parent=28"}],"curies":[{"name":"wp","href":"https:\/\/api.w.org\/{rel}","templated":true}]}}